{"id":967,"date":"2026-03-18T09:43:45","date_gmt":"2026-03-18T12:43:45","guid":{"rendered":"https:\/\/dipe.uepa.br\/?page_id=967"},"modified":"2026-03-18T09:43:45","modified_gmt":"2026-03-18T12:43:45","slug":"coordenadoria-de-controle-orcamentario-cco","status":"publish","type":"page","link":"https:\/\/dipe.uepa.br\/index.php\/coordenadoria-de-controle-orcamentario-cco\/","title":{"rendered":"Coordenadoria de Controle Or\u00e7ament\u00e1rio (CCO)"},"content":{"rendered":"\n<div class=\"wp-block-uagb-advanced-heading uagb-block-42a2f2c9\" id=\"apresentacao\"><h3 class=\"uagb-heading-text\">Quem Somos:<\/h3><div class=\"uagb-separator\"><\/div><\/div>\n\n\n\n<p class=\"has-black-color has-text-color has-link-color wp-elements-a6947ccd1818660d2f7adc7684989894\">A Coordena\u00e7\u00e3o de Controle Or\u00e7ament\u00e1rio \u00e9 respons\u00e1vel por planejar, acompanhar e consolidar as atividades relacionadas \u00e0 programa\u00e7\u00e3o e execu\u00e7\u00e3o or\u00e7ament\u00e1ria da universidade, em articula\u00e7\u00e3o com as unidades administrativas e acad\u00eamicas. Compete \u00e0 coordena\u00e7\u00e3o apoiar a elabora\u00e7\u00e3o da proposta or\u00e7ament\u00e1ria institucional, acompanhar a execu\u00e7\u00e3o do or\u00e7amento, orientar as unidades quanto aos procedimentos e normas or\u00e7ament\u00e1rias vigentes e produzir relat\u00f3rios e an\u00e1lises que subsidiem a gest\u00e3o na tomada de decis\u00f5es. Tamb\u00e9m cabe \u00e0 coordena\u00e7\u00e3o contribuir para o alinhamento entre o planejamento institucional e a aloca\u00e7\u00e3o dos recursos or\u00e7ament\u00e1rios, garantindo maior efici\u00eancia, transpar\u00eancia e racionalidade na aplica\u00e7\u00e3o dos recursos p\u00fablicos.<\/p>\n","protected":false},"excerpt":{"rendered":"<p>Quem Somos: A Coordena\u00e7\u00e3o de Controle Or\u00e7ament\u00e1rio \u00e9 respons\u00e1vel por planejar, acompanhar e consolidar as atividades relacionadas \u00e0 programa\u00e7\u00e3o e execu\u00e7\u00e3o or\u00e7ament\u00e1ria da universidade, em articula\u00e7\u00e3o com as unidades administrativas e acad\u00eamicas. Compete \u00e0 coordena\u00e7\u00e3o apoiar a elabora\u00e7\u00e3o da proposta or\u00e7ament\u00e1ria institucional, acompanhar a execu\u00e7\u00e3o do or\u00e7amento, orientar as unidades quanto aos procedimentos e normas [&hellip;]<\/p>\n","protected":false},"author":4,"featured_media":0,"parent":0,"menu_order":0,"comment_status":"closed","ping_status":"closed","template":"","meta":{"_uag_custom_page_level_css":"","site-sidebar-layout":"default","site-content-layout":"","ast-site-content-layout":"","site-content-style":"default","site-sidebar-style":"default","ast-global-header-display":"","ast-banner-title-visibility":"","ast-main-header-display":"","ast-hfb-above-header-display":"","ast-hfb-below-header-display":"","ast-hfb-mobile-header-display":"","site-post-title":"","ast-breadcrumbs-content":"","ast-featured-img":"","footer-sml-layout":"","theme-transparent-header-meta":"","adv-header-id-meta":"","stick-header-meta":"","header-above-stick-meta":"","header-main-stick-meta":"","header-below-stick-meta":"","astra-migrate-meta-layouts":"default","ast-page-background-enabled":"default","ast-page-background-meta":{"desktop":{"background-color":"var(--ast-global-color-4)","background-image":"","background-repeat":"repeat","background-position":"center center","background-size":"auto","background-attachment":"scroll","background-type":"","background-media":"","overlay-type":"","overlay-color":"","overlay-gradient":""},"tablet":{"background-color":"","background-image":"","background-repeat":"repeat","background-position":"center center","background-size":"auto","background-attachment":"scroll","background-type":"","background-media":"","overlay-type":"","overlay-color":"","overlay-gradient":""},"mobile":{"background-color":"","background-image":"","background-repeat":"repeat","background-position":"center center","background-size":"auto","background-attachment":"scroll","background-type":"","background-media":"","overlay-type":"","overlay-color":"","overlay-gradient":""}},"ast-content-background-meta":{"desktop":{"background-color":"var(--ast-global-color-5)","background-image":"","background-repeat":"repeat","background-position":"center center","background-size":"auto","background-attachment":"scroll","background-type":"","background-media":"","overlay-type":"","overlay-color":"","overlay-gradient":""},"tablet":{"background-color":"var(--ast-global-color-5)","background-image":"","background-repeat":"repeat","background-position":"center center","background-size":"auto","background-attachment":"scroll","background-type":"","background-media":"","overlay-type":"","overlay-color":"","overlay-gradient":""},"mobile":{"background-color":"var(--ast-global-color-5)","background-image":"","background-repeat":"repeat","background-position":"center center","background-size":"auto","background-attachment":"scroll","background-type":"","background-media":"","overlay-type":"","overlay-color":"","overlay-gradient":""}},"footnotes":""},"uagb_featured_image_src":{"full":false,"thumbnail":false,"medium":false,"medium_large":false,"large":false,"1536x1536":false,"2048x2048":false},"uagb_author_info":{"display_name":"giovani.barros@uepa.br","author_link":"https:\/\/dipe.uepa.br\/index.php\/author\/giovani-barrosuepa-br\/"},"uagb_comment_info":0,"uagb_excerpt":"Quem Somos: A Coordena\u00e7\u00e3o de Controle Or\u00e7ament\u00e1rio \u00e9 respons\u00e1vel por planejar, acompanhar e consolidar as atividades relacionadas \u00e0 programa\u00e7\u00e3o e execu\u00e7\u00e3o or\u00e7ament\u00e1ria da universidade, em articula\u00e7\u00e3o com as unidades administrativas e acad\u00eamicas. Compete \u00e0 coordena\u00e7\u00e3o apoiar a elabora\u00e7\u00e3o da proposta or\u00e7ament\u00e1ria institucional, acompanhar a execu\u00e7\u00e3o do or\u00e7amento, orientar as unidades quanto aos procedimentos e normas&hellip;","_links":{"self":[{"href":"https:\/\/dipe.uepa.br\/index.php\/wp-json\/wp\/v2\/pages\/967"}],"collection":[{"href":"https:\/\/dipe.uepa.br\/index.php\/wp-json\/wp\/v2\/pages"}],"about":[{"href":"https:\/\/dipe.uepa.br\/index.php\/wp-json\/wp\/v2\/types\/page"}],"author":[{"embeddable":true,"href":"https:\/\/dipe.uepa.br\/index.php\/wp-json\/wp\/v2\/users\/4"}],"replies":[{"embeddable":true,"href":"https:\/\/dipe.uepa.br\/index.php\/wp-json\/wp\/v2\/comments?post=967"}],"version-history":[{"count":1,"href":"https:\/\/dipe.uepa.br\/index.php\/wp-json\/wp\/v2\/pages\/967\/revisions"}],"predecessor-version":[{"id":968,"href":"https:\/\/dipe.uepa.br\/index.php\/wp-json\/wp\/v2\/pages\/967\/revisions\/968"}],"wp:attachment":[{"href":"https:\/\/dipe.uepa.br\/index.php\/wp-json\/wp\/v2\/media?parent=967"}],"curies":[{"name":"wp","href":"https:\/\/api.w.org\/{rel}","templated":true}]}}