{"id":875,"date":"2026-03-11T11:26:52","date_gmt":"2026-03-11T14:26:52","guid":{"rendered":"https:\/\/dipe.uepa.br\/?page_id=875"},"modified":"2026-04-07T10:29:19","modified_gmt":"2026-04-07T13:29:19","slug":"coordenadoria-de-planejamento-estrategico-cpe","status":"publish","type":"page","link":"https:\/\/dipe.uepa.br\/index.php\/coordenadoria-de-planejamento-estrategico-cpe\/","title":{"rendered":"Coordenadoria de Planejamento Estrat\u00e9gico (CPE)"},"content":{"rendered":"\n<div class=\"wp-block-uagb-advanced-heading uagb-block-42a2f2c9\" id=\"apresentacao\"><h3 class=\"uagb-heading-text\">Quem Somos:<\/h3><div class=\"uagb-separator\"><\/div><\/div>\n\n\n\n<p class=\"has-black-color has-text-color has-link-color wp-elements-f68b34bc6e74797306b53a79414f324a\">A Coordena\u00e7\u00e3o de Planejamento \u00e9 respons\u00e1vel por conduzir e apoiar tecnicamente os processos de elabora\u00e7\u00e3o, revis\u00e3o, monitoramento e avalia\u00e7\u00e3o dos instrumentos de planejamento institucional. Compete \u00e0 coordena\u00e7\u00e3o orientar as unidades acad\u00eamicas e administrativas na defini\u00e7\u00e3o de objetivos, metas, indicadores e a\u00e7\u00f5es estrat\u00e9gicas, bem como sistematizar e consolidar as informa\u00e7\u00f5es relativas ao planejamento da universidade. Tamb\u00e9m cabe \u00e0 coordena\u00e7\u00e3o promover o acompanhamento da execu\u00e7\u00e3o das a\u00e7\u00f5es planejadas, elaborar relat\u00f3rios de monitoramento e avalia\u00e7\u00e3o e desenvolver instrumentos e metodologias que fortale\u00e7am a cultura de planejamento e gest\u00e3o estrat\u00e9gica no \u00e2mbito institucional.<\/p>\n\n\n\n<div class=\"wp-block-uagb-buttons uagb-buttons__outer-wrap uagb-btn__default-btn uagb-btn-tablet__default-btn uagb-btn-mobile__default-btn uagb-block-2d9f0321\"><div class=\"uagb-buttons__wrap uagb-buttons-layout-wrap\">\n<div class=\"wp-block-uagb-buttons-child uagb-buttons__outer-wrap uagb-block-2ab13bdb wp-block-button\"><div class=\"uagb-button__wrapper\"><a class=\"uagb-buttons-repeater wp-block-button__link\" href=\"https:\/\/dipe.uepa.br\/index.php\/https-dipe-uepa-br-index-php-monitoramento-do-ppa-2024-2027\/\" onclick=\"return true;\" rel=\"follow noopener\" target=\"_self\"><div class=\"uagb-button__link\">Monitoriamento do PPA 2024-2027<\/div><\/a><\/div><\/div>\n<\/div><\/div>\n\n\n\n<p><\/p>\n\n\n\n<p><\/p>\n\n\n\n<div class=\"wp-block-uagb-buttons uagb-buttons__outer-wrap uagb-btn__default-btn uagb-btn-tablet__default-btn uagb-btn-mobile__default-btn uagb-block-f3c5aaf8\"><div class=\"uagb-buttons__wrap uagb-buttons-layout-wrap\">\n<div class=\"wp-block-uagb-buttons-child uagb-buttons__outer-wrap uagb-block-fa0d27ea wp-block-button\"><div class=\"uagb-button__wrapper\"><a class=\"uagb-buttons-repeater wp-block-button__link\" href=\"https:\/\/dipe.uepa.br\/index.php\/__trashed\/\" onclick=\"return true;\" rel=\"follow noopener\" target=\"_self\"><div class=\"uagb-button__link\">Relat\u00f3rios<\/div><\/a><\/div><\/div>\n<\/div><\/div>\n\n\n\n<p><\/p>\n\n\n\n<p><\/p>\n\n\n\n<p><\/p>\n\n\n\n<p><\/p>\n","protected":false},"excerpt":{"rendered":"<p>Quem Somos: A Coordena\u00e7\u00e3o de Planejamento \u00e9 respons\u00e1vel por conduzir e apoiar tecnicamente os processos de elabora\u00e7\u00e3o, revis\u00e3o, monitoramento e avalia\u00e7\u00e3o dos instrumentos de planejamento institucional. Compete \u00e0 coordena\u00e7\u00e3o orientar as unidades acad\u00eamicas e administrativas na defini\u00e7\u00e3o de objetivos, metas, indicadores e a\u00e7\u00f5es estrat\u00e9gicas, bem como sistematizar e consolidar as informa\u00e7\u00f5es relativas ao planejamento da [&hellip;]<\/p>\n","protected":false},"author":3,"featured_media":0,"parent":0,"menu_order":0,"comment_status":"closed","ping_status":"closed","template":"","meta":{"_uag_custom_page_level_css":"","site-sidebar-layout":"default","site-content-layout":"","ast-site-content-layout":"","site-content-style":"default","site-sidebar-style":"default","ast-global-header-display":"","ast-banner-title-visibility":"","ast-main-header-display":"","ast-hfb-above-header-display":"","ast-hfb-below-header-display":"","ast-hfb-mobile-header-display":"","site-post-title":"","ast-breadcrumbs-content":"","ast-featured-img":"","footer-sml-layout":"","theme-transparent-header-meta":"","adv-header-id-meta":"","stick-header-meta":"","header-above-stick-meta":"","header-main-stick-meta":"","header-below-stick-meta":"","astra-migrate-meta-layouts":"default","ast-page-background-enabled":"default","ast-page-background-meta":{"desktop":{"background-color":"var(--ast-global-color-4)","background-image":"","background-repeat":"repeat","background-position":"center center","background-size":"auto","background-attachment":"scroll","background-type":"","background-media":"","overlay-type":"","overlay-color":"","overlay-gradient":""},"tablet":{"background-color":"","background-image":"","background-repeat":"repeat","background-position":"center center","background-size":"auto","background-attachment":"scroll","background-type":"","background-media":"","overlay-type":"","overlay-color":"","overlay-gradient":""},"mobile":{"background-color":"","background-image":"","background-repeat":"repeat","background-position":"center center","background-size":"auto","background-attachment":"scroll","background-type":"","background-media":"","overlay-type":"","overlay-color":"","overlay-gradient":""}},"ast-content-background-meta":{"desktop":{"background-color":"var(--ast-global-color-5)","background-image":"","background-repeat":"repeat","background-position":"center center","background-size":"auto","background-attachment":"scroll","background-type":"","background-media":"","overlay-type":"","overlay-color":"","overlay-gradient":""},"tablet":{"background-color":"var(--ast-global-color-5)","background-image":"","background-repeat":"repeat","background-position":"center center","background-size":"auto","background-attachment":"scroll","background-type":"","background-media":"","overlay-type":"","overlay-color":"","overlay-gradient":""},"mobile":{"background-color":"var(--ast-global-color-5)","background-image":"","background-repeat":"repeat","background-position":"center center","background-size":"auto","background-attachment":"scroll","background-type":"","background-media":"","overlay-type":"","overlay-color":"","overlay-gradient":""}},"footnotes":""},"uagb_featured_image_src":{"full":false,"thumbnail":false,"medium":false,"medium_large":false,"large":false,"1536x1536":false,"2048x2048":false},"uagb_author_info":{"display_name":"flavia.raiol@uepa.br","author_link":"https:\/\/dipe.uepa.br\/index.php\/author\/flavia-raioluepa-br\/"},"uagb_comment_info":0,"uagb_excerpt":"Quem Somos: A Coordena\u00e7\u00e3o de Planejamento \u00e9 respons\u00e1vel por conduzir e apoiar tecnicamente os processos de elabora\u00e7\u00e3o, revis\u00e3o, monitoramento e avalia\u00e7\u00e3o dos instrumentos de planejamento institucional. Compete \u00e0 coordena\u00e7\u00e3o orientar as unidades acad\u00eamicas e administrativas na defini\u00e7\u00e3o de objetivos, metas, indicadores e a\u00e7\u00f5es estrat\u00e9gicas, bem como sistematizar e consolidar as informa\u00e7\u00f5es relativas ao planejamento da&hellip;","_links":{"self":[{"href":"https:\/\/dipe.uepa.br\/index.php\/wp-json\/wp\/v2\/pages\/875"}],"collection":[{"href":"https:\/\/dipe.uepa.br\/index.php\/wp-json\/wp\/v2\/pages"}],"about":[{"href":"https:\/\/dipe.uepa.br\/index.php\/wp-json\/wp\/v2\/types\/page"}],"author":[{"embeddable":true,"href":"https:\/\/dipe.uepa.br\/index.php\/wp-json\/wp\/v2\/users\/3"}],"replies":[{"embeddable":true,"href":"https:\/\/dipe.uepa.br\/index.php\/wp-json\/wp\/v2\/comments?post=875"}],"version-history":[{"count":9,"href":"https:\/\/dipe.uepa.br\/index.php\/wp-json\/wp\/v2\/pages\/875\/revisions"}],"predecessor-version":[{"id":1073,"href":"https:\/\/dipe.uepa.br\/index.php\/wp-json\/wp\/v2\/pages\/875\/revisions\/1073"}],"wp:attachment":[{"href":"https:\/\/dipe.uepa.br\/index.php\/wp-json\/wp\/v2\/media?parent=875"}],"curies":[{"name":"wp","href":"https:\/\/api.w.org\/{rel}","templated":true}]}}