{"id":1083,"date":"2026-05-05T09:58:44","date_gmt":"2026-05-05T12:58:44","guid":{"rendered":"https:\/\/dipe.uepa.br\/?page_id=1083"},"modified":"2026-05-11T14:12:33","modified_gmt":"2026-05-11T17:12:33","slug":"vii-encontro-de-gestao-da-uepa-campi-interiorizacao","status":"publish","type":"page","link":"https:\/\/dipe.uepa.br\/index.php\/vii-encontro-de-gestao-da-uepa-campi-interiorizacao\/","title":{"rendered":"VII Encontro de Gest\u00e3o da UEPA (Campi Interioriza\u00e7\u00e3o)"},"content":{"rendered":"\n<div class=\"wp-block-media-text is-stacked-on-mobile is-vertically-aligned-top\" style=\"grid-template-columns:33% auto\"><figure class=\"wp-block-media-text__media\"><img loading=\"lazy\" decoding=\"async\" width=\"768\" height=\"1024\" src=\"https:\/\/dipe.uepa.br\/wp-content\/uploads\/2026\/05\/WhatsApp-Image-2026-05-04-at-15.13.44-768x1024.jpeg\" alt=\"\" class=\"wp-image-1079 size-full\" srcset=\"https:\/\/dipe.uepa.br\/wp-content\/uploads\/2026\/05\/WhatsApp-Image-2026-05-04-at-15.13.44-768x1024.jpeg 768w, https:\/\/dipe.uepa.br\/wp-content\/uploads\/2026\/05\/WhatsApp-Image-2026-05-04-at-15.13.44-225x300.jpeg 225w, https:\/\/dipe.uepa.br\/wp-content\/uploads\/2026\/05\/WhatsApp-Image-2026-05-04-at-15.13.44.jpeg 960w\" sizes=\"(max-width: 768px) 100vw, 768px\" \/><\/figure><div class=\"wp-block-media-text__content\">\n<div class=\"wp-block-group is-layout-constrained wp-block-group-is-layout-constrained\">\n<div class=\"wp-block-uagb-container uagb-block-188700c7 default uagb-is-root-container\">\n<div class=\"wp-block-uagb-container uagb-block-98da7019\">\n<blockquote class=\"wp-block-quote\">\n<p>Com o tema INTERIORIZA\u00c7\u00c3O E DESENVOLVIMENTO REGIONAL: Caminhos estrat\u00e9gicos para uma Uepa mais integrada. A gest\u00e3o superior da Universidade do Estado do Par\u00e1 realiza de 25 a 27 de maio o VII Encontro de Gest\u00e3o da UEPA com o objetivo de trocar experi\u00eancias e discutir planejamento para o futuro entre os servidores da institui\u00e7\u00e3o. A programa\u00e7\u00e3o ter\u00e1 a posse dos novos coordenadores de campi de interioriza\u00e7\u00e3o, al\u00e9m de di\u00e1logos com as pr\u00f3-reitorias e din\u00e2micas de grupo.<\/p>\n<\/blockquote>\n<\/div>\n<\/div>\n<\/div>\n<\/div><\/div>\n\n\n\n<p><\/p>\n\n\n\n<h2 class=\"wp-block-heading has-text-align-center has-ast-global-color-6-background-color has-background has-medium-font-size\">MATERIAIS DE APOIO:<\/h2>\n\n\n\n<div class=\"wp-block-uagb-buttons uagb-buttons__outer-wrap uagb-btn__default-btn uagb-btn-tablet__default-btn uagb-btn-mobile__default-btn uagb-block-588ac54a\"><div class=\"uagb-buttons__wrap uagb-buttons-layout-wrap\">\n<div class=\"wp-block-uagb-buttons-child uagb-buttons__outer-wrap uagb-block-b1c5ecb4 wp-block-button\"><div class=\"uagb-button__wrapper\"><a class=\"uagb-buttons-repeater wp-block-button__link\" href=\"#\" onclick=\"return false;\" rel=\"follow noopener\" target=\"_blank\"><div class=\"uagb-button__link\">Programa\u00e7\u00e3o<\/div><\/a><\/div><\/div>\n\n\n\n<div class=\"wp-block-uagb-buttons-child uagb-buttons__outer-wrap uagb-block-9ffc9fbf wp-block-button\"><div class=\"uagb-button__wrapper\"><a class=\"uagb-buttons-repeater wp-block-button__link\" href=\"https:\/\/drive.google.com\/drive\/folders\/1mUX_jEoiJjH0s2vP5w8tGHpeA2DVJ327\" onclick=\"return true;\" rel=\"follow noopener\" target=\"_blank\"><div class=\"uagb-button__link\">Apresenta\u00e7\u00f5es<\/div><\/a><\/div><\/div>\n\n\n\n<div class=\"wp-block-uagb-buttons-child uagb-buttons__outer-wrap uagb-block-efe603a4 wp-block-button\"><div class=\"uagb-button__wrapper\"><a class=\"uagb-buttons-repeater wp-block-button__link\" href=\"https:\/\/drive.google.com\/drive\/folders\/15WPMcMtTLvyl2doSxvQAAR9LZXYIjd8i\" onclick=\"return true;\" rel=\"follow noopener\" target=\"_blank\"><div class=\"uagb-button__link\">Documentos Institucionais<\/div><\/a><\/div><\/div>\n<\/div><\/div>\n","protected":false},"excerpt":{"rendered":"<p>MATERIAIS DE APOIO:<\/p>\n","protected":false},"author":3,"featured_media":0,"parent":0,"menu_order":0,"comment_status":"closed","ping_status":"closed","template":"","meta":{"_uag_custom_page_level_css":"","site-sidebar-layout":"default","site-content-layout":"","ast-site-content-layout":"","site-content-style":"default","site-sidebar-style":"default","ast-global-header-display":"","ast-banner-title-visibility":"","ast-main-header-display":"","ast-hfb-above-header-display":"","ast-hfb-below-header-display":"","ast-hfb-mobile-header-display":"","site-post-title":"","ast-breadcrumbs-content":"","ast-featured-img":"","footer-sml-layout":"","theme-transparent-header-meta":"","adv-header-id-meta":"","stick-header-meta":"","header-above-stick-meta":"","header-main-stick-meta":"","header-below-stick-meta":"","astra-migrate-meta-layouts":"default","ast-page-background-enabled":"default","ast-page-background-meta":{"desktop":{"background-color":"var(--ast-global-color-4)","background-image":"","background-repeat":"repeat","background-position":"center center","background-size":"auto","background-attachment":"scroll","background-type":"","background-media":"","overlay-type":"","overlay-color":"","overlay-gradient":""},"tablet":{"background-color":"","background-image":"","background-repeat":"repeat","background-position":"center center","background-size":"auto","background-attachment":"scroll","background-type":"","background-media":"","overlay-type":"","overlay-color":"","overlay-gradient":""},"mobile":{"background-color":"","background-image":"","background-repeat":"repeat","background-position":"center center","background-size":"auto","background-attachment":"scroll","background-type":"","background-media":"","overlay-type":"","overlay-color":"","overlay-gradient":""}},"ast-content-background-meta":{"desktop":{"background-color":"var(--ast-global-color-5)","background-image":"","background-repeat":"repeat","background-position":"center center","background-size":"auto","background-attachment":"scroll","background-type":"","background-media":"","overlay-type":"","overlay-color":"","overlay-gradient":""},"tablet":{"background-color":"var(--ast-global-color-5)","background-image":"","background-repeat":"repeat","background-position":"center center","background-size":"auto","background-attachment":"scroll","background-type":"","background-media":"","overlay-type":"","overlay-color":"","overlay-gradient":""},"mobile":{"background-color":"var(--ast-global-color-5)","background-image":"","background-repeat":"repeat","background-position":"center center","background-size":"auto","background-attachment":"scroll","background-type":"","background-media":"","overlay-type":"","overlay-color":"","overlay-gradient":""}},"footnotes":""},"uagb_featured_image_src":{"full":false,"thumbnail":false,"medium":false,"medium_large":false,"large":false,"1536x1536":false,"2048x2048":false},"uagb_author_info":{"display_name":"flavia.raiol@uepa.br","author_link":"https:\/\/dipe.uepa.br\/index.php\/author\/flavia-raioluepa-br\/"},"uagb_comment_info":0,"uagb_excerpt":"MATERIAIS DE APOIO:","_links":{"self":[{"href":"https:\/\/dipe.uepa.br\/index.php\/wp-json\/wp\/v2\/pages\/1083"}],"collection":[{"href":"https:\/\/dipe.uepa.br\/index.php\/wp-json\/wp\/v2\/pages"}],"about":[{"href":"https:\/\/dipe.uepa.br\/index.php\/wp-json\/wp\/v2\/types\/page"}],"author":[{"embeddable":true,"href":"https:\/\/dipe.uepa.br\/index.php\/wp-json\/wp\/v2\/users\/3"}],"replies":[{"embeddable":true,"href":"https:\/\/dipe.uepa.br\/index.php\/wp-json\/wp\/v2\/comments?post=1083"}],"version-history":[{"count":5,"href":"https:\/\/dipe.uepa.br\/index.php\/wp-json\/wp\/v2\/pages\/1083\/revisions"}],"predecessor-version":[{"id":1114,"href":"https:\/\/dipe.uepa.br\/index.php\/wp-json\/wp\/v2\/pages\/1083\/revisions\/1114"}],"wp:attachment":[{"href":"https:\/\/dipe.uepa.br\/index.php\/wp-json\/wp\/v2\/media?parent=1083"}],"curies":[{"name":"wp","href":"https:\/\/api.w.org\/{rel}","templated":true}]}}